{"id":27558,"date":"2025-06-12T17:43:26","date_gmt":"2025-06-12T21:43:26","guid":{"rendered":"https:\/\/howardmccray.com\/por-que-nosotros\/"},"modified":"2025-12-22T13:05:11","modified_gmt":"2025-12-22T17:05:11","slug":"por-que-nosotros","status":"publish","type":"page","link":"https:\/\/howardmccray.com\/es\/por-que-nosotros\/","title":{"rendered":"Por qu\u00e9 nosotros"},"content":{"rendered":"\n\t\t<section id=\"intro-block_000c0d7da831307c5a94f63ca638d017\" class=\"intro\" style=\"  \">\n\t\t\t<div class=\"owl-carousel\">\n\n\t\t\t\t\n\t\t\t\t\t\t\t<div class=\"intro-item bg-img\" style=\"background-image: url(https:\/\/howardmccray.com\/wp-content\/uploads\/images\/Why-Us.jpg);\">\n\t\t\t\t\t\t\t\t<div class=\"intro-content\">\n\n\t\t\t\t\t\t\t\t\t<h1>Por qu\u00e9 Howard McCray<\/h1><p>Construido sobre la confianza, dise\u00f1ado para el rendimiento<\/p>\n\t\t\t\t\t\t\t\t\t\t<div class=\"btn-wrapper\">\n\n\t\t\t\t\t\t\t\t\t\t\t<a href=\"\/products\" class=\"btn btn-intro-1\">Explore nuestros productos<svg width=\"24\" height=\"24\" viewBox=\"0 0 24 24\" fill=\"none\" xmlns=\"http:\/\/www.w3.org\/2000\/svg\"><path d=\"M16.175 13H4V11H16.175L10.575 5.4L12 4L20 12L12 20L10.575 18.6L16.175 13Z\" fill=\"white\"\/><\/svg><\/a><!-- \/.btn btn-intro-1 --><a href=\"#\" class=\"btn btn-intro-2\">Solicitar presupuesto<svg width=\"24\" height=\"24\" viewBox=\"0 0 24 24\" fill=\"none\" xmlns=\"http:\/\/www.w3.org\/2000\/svg\"><path d=\"M16.175 13H4V11H16.175L10.575 5.4L12 4L20 12L12 20L10.575 18.6L16.175 13Z\" fill=\"white\"\/><\/svg><\/a><!-- \/.btn btn-intro-1 -->\n\t\t\t\t\t\t\t\t\t\t<\/div>\n\t\t\t\t\t\t\t\t\t\t<!-- \/.btn-wrapper -->\n\n\t\t\t\t\t\t\t\t\t\n\t\t\t\t\t\t\t\t<\/div>\n\t\t\t\t\t\t\t\t<!-- \/.intro-content -->\n\t\t\t\t\t\t\t<\/div>\n\t\t\t\t\t\t\t<!-- \/.intro-item bg-img -->\n\n\t\t\t\t\t\t\n                <\/div>\n                <!-- \/.owl-carousel -->\n                <a href=\"#explore\" class=\"scroll\">Despl\u00e1zate para explorar\t\t\t\t\t<svg xmlns=\"http:\/\/www.w3.org\/2000\/svg\" width=\"48\" height=\"48\" viewBox=\"0 0 48 48\" fill=\"none\"><foreignObject x=\"-24\" y=\"-24\" width=\"96\" height=\"96\"><div xmlns=\"http:\/\/www.w3.org\/1999\/xhtml\" style=\"backdrop-filter:blur(12px);clip-path:url(#bgblur_0_1_529_clip_path);height:100%;width:100%\"><\/div><\/foreignObject><rect data-figma-bg-blur-radius=\"24\" width=\"48\" height=\"48\" rx=\"24\" fill=\"white\" fill-opacity=\"0.12\"\/><path d=\"M30.8789 26.1211L24.5149 32.4851L18.151 26.1211\" stroke=\"white\" stroke-width=\"2\" stroke-miterlimit=\"10\"\/><path d=\"M24.5147 32.4853V15.5147\" stroke=\"white\" stroke-width=\"2\" stroke-miterlimit=\"10\"\/><defs><clipPath id=\"bgblur_0_1_529_clip_path\" transform=\"translate(24 24)\"><rect width=\"48\" height=\"48\" rx=\"24\"\/><\/clipPath><\/defs><\/svg>\n\t\t\t\t<\/a>\n            <!-- \/.scroll -->\n\t\t<\/section>\n\t\t<!--  .intro -->\n\n\t\n\t\t<section id=\"content-block_0463154124c0290f80ad6e53fc1d24fa\" class=\"content\" style=\"  \">\n\t\t\t<div class=\"container container--narrow\">\n\t\t\t\t<div class=\"flex-row\">\n\n\t\t\t\t\t\n\t\t\t\t\t\t<div class=\"col-12\">\n\n\t\t\t\t\t\t\t<h2 style=\"text-align: center;\"><span style=\"color: #283b86;\">DISE\u00d1O INFINITO.<\/span><br \/>\n<span style=\"color: #283b86;\">PERSONALIZACI\u00d3N.<\/span><br \/>\n<span style=\"color: #283b86;\">FIABILIDAD<\/span><\/h2>\n<p style=\"text-align: center;\">Howard McCray, fundada en 1890, ofrece a nuestros clientes equipos fiables y duraderos, \u00a1tal y como esperan! Con la capacidad de personalizar nuestros productos y ofrecer un dise\u00f1o infinito, podemos satisfacer las necesidades de nuestros clientes. Howard-McCray ha construido su reputaci\u00f3n fabricando un producto de calidad, manteniendo al mismo tiempo una relaci\u00f3n personal con todos sus clientes, independientemente de su tama\u00f1o.<\/p>\n\t\t\t\t\t\t<\/div>\n\t\t\t\t\t\t<!--  .col-12 -->\n\n\t\t\t\t\t\n\t\t\t\t<\/div>\n\t\t\t\t<!--  .flex-row -->\n\t\t\t<\/div> <!--  .container container--narrow -->\n\t\t<\/section>\n\t\t<!--  .content -->\n\n\t\n\t<section id=\"content-featured-content-block_6f67cc451a5a92e3593ffd66a29b9da1\" class=\"content featured-content\" style=\"  \">\n\t\t<div class=\"container\">\n\t\t\t<div class=\"flex-row\">\n\t\t\t\t<div class=\"col-12\">\n\t\t\t\t\t\n\t\t\t\t\t<h2>VENTAJAS CLAVE<\/h2>\n<p>Howard McCray fabrica nuestras vitrinas abiertas y vitrinas de servicio, en la mayor\u00eda de los casos, con un dise\u00f1o infinito. Esto crea un aspecto uniforme, tanto si busca 1 metro como 12 metros, Howard McCray puede satisfacer casi cualquier requisito de tama\u00f1o que necesiten sus clientes. Ofrecemos tanto equipos aut\u00f3nomos como remotos para todos nuestros equipos. Ofrecemos una amplia selecci\u00f3n de vitrinas con todos sus requisitos de comercializaci\u00f3n de alimentos frescos.<\/p>\n\n\t\t\t\t<\/div>\n\t\t\t\t<!-- \/.col-12 -->\n\t\t\t<\/div>\n\t\t\t<!-- \/.flex-row -->\n\t\t<\/div>\n\t\t<!-- \/.container -->\n\t<\/section>\n\t<!--  .content featured-content -->\n\n\n\t<section id=\"image-text-block_ff6464e535fdc2db0bbf44ffda181cf0\" class=\"image-text is-layout-light\" style=\"  \">\n\t\t<div class=\"container\">\n\t\t\t<div class=\"image-text-wrapper\">\n\t\t\t\t<div class=\"flex-row\">\n\t\t\t\t\t<div class=\"col-5@md\">\n\n\t\t\t\t\t\t<img decoding=\"async\" src=\"https:\/\/howardmccray.com\/wp-content\/uploads\/images\/Coils.png\" alt=\"Gravity and humidity coils\" \/><p class=\"image-caption\">Gravity and humidity coils<\/p>\n\t\t\t\t\t<\/div>\n\t\t\t\t\t<!-- \/.col-5@md -->\n\t\t\t\t\t<div class=\"col-7@md\">\n\n\t\t\t\t\t\t<h2>Serpent\u00edn de gravedad<\/h2>\n<p>Todas las vitrinas de servicio de Howard McCray utilizan el serpent\u00edn de gravedad KOLDFLO, que utiliza la convecci\u00f3n natural en lugar de ventiladores para hacer circular el aire fr\u00edo. El uso de esta tecnolog\u00eda ayuda a evitar que los productos se sequen.<\/p>\n<h2>Serpent\u00edn de humedad<\/h2>\n<p>Todas las vitrinas para carne roja de Howard McCray incluyen un serpent\u00edn de humedad. Se trata de un serpent\u00edn sin ventiladores que suda e introduce humedad en la vitrina, lo que ayuda a mantener la carne hidratada.<br \/>\nEsto proporciona a nuestros clientes productos de mayor duraci\u00f3n y mantiene la carne fresca.<\/p>\n<a href=\"\/products\" class=\"btn-image-text\">Ver todos los productos<svg width=\"24\" height=\"24\" viewBox=\"0 0 24 24\" fill=\"none\" xmlns=\"http:\/\/www.w3.org\/2000\/svg\"><path d=\"M16.175 13H4V11H16.175L10.575 5.4L12 4L20 12L12 20L10.575 18.6L16.175 13Z\" fill=\"white\"\/><\/svg><\/a><!-- \/.btn-image-text -->\n\t\t\t\t\t<\/div>\n\t\t\t\t\t<!-- \/.col-7@md -->\n\t\t\t\t<\/div>\n\t\t\t\t<!-- \/.flex-row -->\n\t\t\t<\/div>\n\t\t\t<!-- \/.image-text-wrapper -->\n\t\t<\/div>\n\t\t<!-- \/.container -->\n\t<\/section>\n\t<!--  .image-text -->\n\n\n\t\t<section id=\"content-block_87f3d67d24faa55633e00d0c97be28b3\" class=\"content\" style=\" padding-top: 14px; \">\n\t\t\t<div class=\"container\">\n\t\t\t\t<div class=\"flex-row\">\n\n\t\t\t\t\t\n\t\t\t\t\t\t<div class=\"col-6@md\">\n\n\t\t\t\t\t\t\t<h2 style=\"text-align: center;\"><span style=\"color: #283b86;\">Espec\u00edfico del producto<\/span><br \/>\n<span style=\"color: #283b86;\">Vitrinas de exposici\u00f3n<\/span><\/h2>\n<p style=\"text-align: center;\">Fabricamos vitrinas que se adaptan al producto, no el producto a la vitrina. Nuestros n\u00fameros de modelo \u00fanicos se construyen teniendo en cuenta los productos. Tanto si necesita una vitrina para productos agr\u00edcolas como para carne roja, nuestra construcci\u00f3n es espec\u00edfica para el producto que nuestros clientes quieren exponer.<\/p>\n\t\t\t\t\t\t<\/div>\n\t\t\t\t\t\t<!--  .col-6@md -->\n\n\t\t\t\t\t\n\t\t\t\t\t\t<div class=\"col-6@md\">\n\n\t\t\t\t\t\t\t<h2 style=\"text-align: center;\"><span style=\"color: #283b86;\">Atenci\u00f3n<\/span><br \/>\n<span style=\"color: #283b86;\">al cliente<\/span><\/h2>\n<p style=\"text-align: center;\">Howard-McCray se centra en las vitrinas de exposici\u00f3n al por menor, incluyendo vitrinas de servicio, expositores abiertos y unidades de puertas de cristal. Principalmente, nos concentramos en el formato de mercado peque\u00f1o. Construimos pedidos y podemos a\u00f1adir caracter\u00edsticas distintivas a nuestras unidades est\u00e1ndar.<\/p>\n\t\t\t\t\t\t<\/div>\n\t\t\t\t\t\t<!--  .col-6@md -->\n\n\t\t\t\t\t\n\t\t\t\t<\/div>\n\t\t\t\t<!--  .flex-row -->\n\t\t\t<\/div> <!--  .container -->\n\t\t<\/section>\n\t\t<!--  .content -->\n\n\t\n\t<section id=\"featured-products-block_4ead0e6c99949ec30e2659d6149a5abb\" class=\"featured-products\" style=\"  \">\n\t\t<div class=\"container\">\n\n\t\t\t<h2>Producto <strong>destacado<\/strong><\/h2>\n\n\t\t\t\t<div class=\"flex-row\">\n\n\t\t\t\t\t\n\t\t\t\t\t\t\t<div class=\"col-3@md\">\n\t\t\t\t\t\t\t\t<a href=\"https:\/\/howardmccray.com\/es\/products\/chs40e-6\/\" class=\"featured-products-item\">\n\n\t\t\t\t\t\t\t\t\t\t\t\t\t\t\t\t\t\t\t<img decoding=\"async\" src=\"https:\/\/howardmccray.com\/wp-content\/uploads\/images\/Hot-Wells-With-Food.png\" alt=\"\">\n\t\t\t\t\t\t\t\t\t\n\t\t\t\t\t\t\t\t\t<h3>CHS40E-6<\/h3>\n\t\t\t\t\t\t\t\t\t<span href=\"https:\/\/howardmccray.com\/es\/products\/chs40e-6\/\" class=\"btn btn-primary\">Details<\/span>\n\t\t\t\t\t\t\t\t\t<!-- \/.btn btn-primary -->\n\t\t\t\t\t\t\t\t<\/a>\n\t\t\t\t\t\t\t\t<!-- \/.featured-products-item -->\n\t\t\t\t\t\t\t<\/div>\n\t\t\t\t\t\t\t<!-- \/.col-3@md -->\n\n\t\t\t\t\t\t\n\t\t\t\t\t\t\t<div class=\"col-3@md\">\n\t\t\t\t\t\t\t\t<a href=\"https:\/\/howardmccray.com\/es\/products\/gf42bm-ff\/\" class=\"featured-products-item\">\n\n\t\t\t\t\t\t\t\t\t\t\t\t\t\t\t\t\t\t\t<img decoding=\"async\" src=\"https:\/\/howardmccray.com\/wp-content\/uploads\/images\/GFBM-19-42-65-88-1.png\" alt=\"\">\n\t\t\t\t\t\t\t\t\t\n\t\t\t\t\t\t\t\t\t<h3>GF42BM-FF<\/h3>\n\t\t\t\t\t\t\t\t\t<span href=\"https:\/\/howardmccray.com\/es\/products\/gf42bm-ff\/\" class=\"btn btn-primary\">Details<\/span>\n\t\t\t\t\t\t\t\t\t<!-- \/.btn btn-primary -->\n\t\t\t\t\t\t\t\t<\/a>\n\t\t\t\t\t\t\t\t<!-- \/.featured-products-item -->\n\t\t\t\t\t\t\t<\/div>\n\t\t\t\t\t\t\t<!-- \/.col-3@md -->\n\n\t\t\t\t\t\t\n\t\t\t\t\t\t\t<div class=\"col-3@md\">\n\t\t\t\t\t\t\t\t<a href=\"https:\/\/howardmccray.com\/es\/products\/gr48\/\" class=\"featured-products-item\">\n\n\t\t\t\t\t\t\t\t\t\t\t\t\t\t\t\t\t\t\t<img decoding=\"async\" src=\"https:\/\/howardmccray.com\/wp-content\/uploads\/images\/GRTM-22-48-75-102-3.png\" alt=\"\">\n\t\t\t\t\t\t\t\t\t\n\t\t\t\t\t\t\t\t\t<h3>GR48<\/h3>\n\t\t\t\t\t\t\t\t\t<span href=\"https:\/\/howardmccray.com\/es\/products\/gr48\/\" class=\"btn btn-primary\">Details<\/span>\n\t\t\t\t\t\t\t\t\t<!-- \/.btn btn-primary -->\n\t\t\t\t\t\t\t\t<\/a>\n\t\t\t\t\t\t\t\t<!-- \/.featured-products-item -->\n\t\t\t\t\t\t\t<\/div>\n\t\t\t\t\t\t\t<!-- \/.col-3@md -->\n\n\t\t\t\t\t\t\n\t\t\t\t<\/div>\n\t\t\t\t<!-- \/.flex-row -->\n\n\t\t\t\n\t\t<\/div>\n\t\t<!-- \/.container -->\n\t<\/section>\n\t<!--  .featured-products -->\n\n","protected":false},"excerpt":{"rendered":"","protected":false},"author":2,"featured_media":0,"parent":0,"menu_order":0,"comment_status":"closed","ping_status":"closed","template":"","meta":{"_acf_changed":false,"_seopress_robots_primary_cat":"","_seopress_titles_title":"","_seopress_titles_desc":"","_seopress_robots_index":"","footnotes":""},"class_list":["post-27558","page","type-page","status-publish","hentry","no-post-thumbnail","post-count-1"],"acf":[],"_links":{"self":[{"href":"https:\/\/howardmccray.com\/es\/wp-json\/wp\/v2\/pages\/27558","targetHints":{"allow":["GET"]}}],"collection":[{"href":"https:\/\/howardmccray.com\/es\/wp-json\/wp\/v2\/pages"}],"about":[{"href":"https:\/\/howardmccray.com\/es\/wp-json\/wp\/v2\/types\/page"}],"author":[{"embeddable":true,"href":"https:\/\/howardmccray.com\/es\/wp-json\/wp\/v2\/users\/2"}],"replies":[{"embeddable":true,"href":"https:\/\/howardmccray.com\/es\/wp-json\/wp\/v2\/comments?post=27558"}],"version-history":[{"count":1,"href":"https:\/\/howardmccray.com\/es\/wp-json\/wp\/v2\/pages\/27558\/revisions"}],"predecessor-version":[{"id":27562,"href":"https:\/\/howardmccray.com\/es\/wp-json\/wp\/v2\/pages\/27558\/revisions\/27562"}],"wp:attachment":[{"href":"https:\/\/howardmccray.com\/es\/wp-json\/wp\/v2\/media?parent=27558"}],"curies":[{"name":"wp","href":"https:\/\/api.w.org\/{rel}","templated":true}]}}