{"id":27569,"date":"2025-05-15T18:40:47","date_gmt":"2025-05-15T22:40:47","guid":{"rendered":"https:\/\/howardmccray.com\/nuestra-historia\/"},"modified":"2025-12-22T13:04:14","modified_gmt":"2025-12-22T17:04:14","slug":"nuestra-historia","status":"publish","type":"page","link":"https:\/\/howardmccray.com\/es\/nuestra-historia\/","title":{"rendered":"Nuestra historia"},"content":{"rendered":"\n\t\t<section id=\"intro-block_71b754e15fd3b672ed86befd609a5a02\" class=\"intro\" style=\"  \">\n\t\t\t<div class=\"owl-carousel\">\n\n\t\t\t\t\n\t\t\t\t\t\t\t<div class=\"intro-item bg-img\" style=\"background-image: url(https:\/\/howardmccray.com\/wp-content\/uploads\/images\/about-us.png);\">\n\t\t\t\t\t\t\t\t<div class=\"intro-content\">\n\n\t\t\t\t\t\t\t\t\t<h1>Acerca de nosotros<\/h1><p>Personalizaci\u00f3n | Fiabilidad | Dise\u00f1o infinito<\/p>\n\t\t\t\t\t\t\t\t\t\t<div class=\"btn-wrapper\">\n\n\t\t\t\t\t\t\t\t\t\t\t<a href=\"\/products\" class=\"btn btn-intro-1\">Explore nuestros productos<svg width=\"24\" height=\"24\" viewBox=\"0 0 24 24\" fill=\"none\" xmlns=\"http:\/\/www.w3.org\/2000\/svg\"><path d=\"M16.175 13H4V11H16.175L10.575 5.4L12 4L20 12L12 20L10.575 18.6L16.175 13Z\" fill=\"white\"\/><\/svg><\/a><!-- \/.btn btn-intro-1 --><a href=\"#\" class=\"btn btn-intro-2\">Solicitar presupuesto<svg width=\"24\" height=\"24\" viewBox=\"0 0 24 24\" fill=\"none\" xmlns=\"http:\/\/www.w3.org\/2000\/svg\"><path d=\"M16.175 13H4V11H16.175L10.575 5.4L12 4L20 12L12 20L10.575 18.6L16.175 13Z\" fill=\"white\"\/><\/svg><\/a><!-- \/.btn btn-intro-1 -->\n\t\t\t\t\t\t\t\t\t\t<\/div>\n\t\t\t\t\t\t\t\t\t\t<!-- \/.btn-wrapper -->\n\n\t\t\t\t\t\t\t\t\t\n\t\t\t\t\t\t\t\t<\/div>\n\t\t\t\t\t\t\t\t<!-- \/.intro-content -->\n\t\t\t\t\t\t\t<\/div>\n\t\t\t\t\t\t\t<!-- \/.intro-item bg-img -->\n\n\t\t\t\t\t\t\n                <\/div>\n                <!-- \/.owl-carousel -->\n                <a href=\"#explore\" class=\"scroll\">Despl\u00e1zate para explorar\t\t\t\t\t<svg xmlns=\"http:\/\/www.w3.org\/2000\/svg\" width=\"48\" height=\"48\" viewBox=\"0 0 48 48\" fill=\"none\"><foreignObject x=\"-24\" y=\"-24\" width=\"96\" height=\"96\"><div xmlns=\"http:\/\/www.w3.org\/1999\/xhtml\" style=\"backdrop-filter:blur(12px);clip-path:url(#bgblur_0_1_529_clip_path);height:100%;width:100%\"><\/div><\/foreignObject><rect data-figma-bg-blur-radius=\"24\" width=\"48\" height=\"48\" rx=\"24\" fill=\"white\" fill-opacity=\"0.12\"\/><path d=\"M30.8789 26.1211L24.5149 32.4851L18.151 26.1211\" stroke=\"white\" stroke-width=\"2\" stroke-miterlimit=\"10\"\/><path d=\"M24.5147 32.4853V15.5147\" stroke=\"white\" stroke-width=\"2\" stroke-miterlimit=\"10\"\/><defs><clipPath id=\"bgblur_0_1_529_clip_path\" transform=\"translate(24 24)\"><rect width=\"48\" height=\"48\" rx=\"24\"\/><\/clipPath><\/defs><\/svg>\n\t\t\t\t<\/a>\n            <!-- \/.scroll -->\n\t\t<\/section>\n\t\t<!--  .intro -->\n\n\t\n\t<section id=\"text-image-block_b24568b3da1909a6570daf640929cc9a\" class=\"text-image\" style=\"  \">\n\t\t<div class=\"container\">\n\t\t\t<div class=\"flex-row\">\n\t\t\t\t<div class=\"col-5@md\">\n\n\t\t\t\t\t<picture><source media=\"(min-width:650px)\" srcset=\"https:\/\/howardmccray.com\/wp-content\/uploads\/images\/image-text.png\"><img decoding=\"async\" src=\"https:\/\/howardmccray.com\/wp-content\/uploads\/images\/image-text.png\" alt=\"\"><p>Caption Text<\/p><\/picture>\n\t\t\t\t<\/div>\n\t\t\t\t<!-- \/.col-5@md -->\n\t\t\t\t<div class=\"col-7@md\">\n\n\t\t\t\t\t<h2>Nuestra historia<\/h2>\n<p>Howard &#8211; McCray es un fabricante de productos de refrigeraci\u00f3n comercial especializado en la exhibici\u00f3n de productos. Con m\u00e1s de 136 a\u00f1os de experiencia, una infraestructura consolidada y un personal bien capacitado, Howard &#8211; McCray puede ayudarle a resolver sus necesidades de exhibici\u00f3n. <\/p>\n<p>Nuestros or\u00edgenes se remontan a 1887, cuando el Sr. Elmer E McCray fund\u00f3 McCray en Kendallville, Indiana. Conscientes de la necesidad de reducir la enorme p\u00e9rdida por el deterioro de los alimentos y de proteger tambi\u00e9n al p\u00fablico, McCray y su padre construyeron una c\u00e1mara frigor\u00edfica y, en 1882, recibieron una patente por su invento. McCray se especializ\u00f3 en exhibidores de hielo de madera.  <\/p>\n<p>Howard fue fundada en 1949 por Albert Fogel y estableci\u00f3 una f\u00e1brica en Filadelfia, PA, traslad\u00e1ndose a una nueva instalaci\u00f3n en 1961 en Grant Avenue cuando el hijo de Albert, Howard Jeffrey Fogel (Jeff), se uni\u00f3 a la empresa.<\/p>\n<p>En agosto de 1973, Litton Industries anunci\u00f3 el cierre de McCray en Kendallville, IN, y cerr\u00f3 la f\u00e1brica en marzo de 1974. Litton vendi\u00f3 todos los activos de McCray, excepto la marca comercial McCray. Despu\u00e9s de estar en el negocio desde 1887, se cerr\u00f3 la primera empresa de refrigeraci\u00f3n comercial conocida en Norteam\u00e9rica.  <\/p>\n<p>Durante 1974, Albert y Jeff vieron que el mercado estaba cambiando para Howard. La empresa estaba completando un pedido para Burger King (bajo mostrador) y puertas de cristal (Dr. Pepper) y la competencia estaba creciendo en estas categor\u00edas: bajo mostradores y puertas de cristal. Howard NO ten\u00eda vitrinas de delicatessen ni expositores abiertos que ofrecer. En agosto de 1975, Albert Fogel se reuni\u00f3 con el equipo de Litton en Kendallville, IN, para preguntar sobre la obtenci\u00f3n del \u201cNombre McCray\u201d.<br \/>\nJeff Fogel declar\u00f3: \u201cMi padre visit\u00f3 la antigua f\u00e1brica de McCray en agosto de 1975, y todo hab\u00eda desaparecido, no quedaba nada en la antigua f\u00e1brica de McCray: ni accesorios, ni m\u00e1quinas ni personas\u201d. \u201cAs\u00ed que, mi padre y yo decidimos comprar el nombre de McCray, lo que hicimos a finales de agosto de 1975\u201d. La marca comercial McCray fue asignada de Litton a Howard Refrigerator Company el 29\/8\/1975, seg\u00fan la oficina de patentes y marcas de EE. UU.  <\/p>\n<p>En enero de 1976, se form\u00f3 McCray Refrigerator Company INC. en Pensilvania y Jeff Fogel se convirti\u00f3 en su primer presidente. En 1976, Jeff procedi\u00f3 a crear un equipo de ingenier\u00eda para dise\u00f1ar y fabricar las primeras VITRINAS DE DELICATESSEN para McCray que se construyeron en Filadelfia. Dado que el Sr. Fogel era propietario de la propiedad en 2501 Grant Avenue, se a\u00f1adi\u00f3 al edificio una ampliaci\u00f3n de 30.000 pies cuadrados para albergar la nueva empresa McCray en Filadelfia. La ampliaci\u00f3n se complet\u00f3 a principios de 1978.   <\/p>\n\n\t\t\t\t<\/div>\n\t\t\t\t<!-- \/.col-7@md -->\n\n\t\t\t\t\n\t\t\t<\/div>\n\t\t\t<!-- \/.flex-row -->\n\t\t<\/div>\n\t\t<!-- \/.container -->\n\t<\/section>\n\t<!--  .text-image -->\n\n\n\t<section id=\"content-featured-content-block_ec8d2c56589d5f5f6d7ee30e833c1d40\" class=\"content featured-content\" style=\"  \">\n\t\t<div class=\"container\">\n\t\t\t<div class=\"flex-row\">\n\t\t\t\t<div class=\"col-12\">\n\t\t\t\t\t\n\t\t\t\t\t<h2>Declaraci\u00f3n de objetivos<\/h2>\n<p>HowardMcCray se centra en vitrinas de venta al por menor que incluyen vitrinas de servicio, expositores abiertos y unidades de puertas de cristal. Principalmente, nos concentramos en el formato de mercado peque\u00f1o. Construimos bajo pedido y podemos a\u00f1adir caracter\u00edsticas distintivas a nuestras unidades est\u00e1ndar. Howard-McCray es agresivo en la introducci\u00f3n de nuevos conceptos de clientes utilizando el desarrollo e introducci\u00f3n R\u00c1PIDOS.   <\/p>\n\n\t\t\t\t<\/div>\n\t\t\t\t<!-- \/.col-12 -->\n\t\t\t<\/div>\n\t\t\t<!-- \/.flex-row -->\n\t\t<\/div>\n\t\t<!-- \/.container -->\n\t<\/section>\n\t<!--  .content featured-content -->\n\n\n\t<section id=\"text-image-block_48eb75eabbda6539d6af0ee60fc0ffd8\" class=\"text-image\" style=\"  \">\n\t\t<div class=\"container\">\n\t\t\t<div class=\"flex-row flex-row--reverse\">\n\t\t\t\t<div class=\"col-5@md\">\n\n\t\t\t\t\t<picture><source media=\"(min-width:650px)\" srcset=\"https:\/\/howardmccray.com\/wp-content\/uploads\/images\/text-image-2.png\"><img decoding=\"async\" src=\"https:\/\/howardmccray.com\/wp-content\/uploads\/images\/text-image-2.png\" alt=\"\"><p>Image Caption<\/p><\/picture>\n\t\t\t\t<\/div>\n\t\t\t\t<!-- \/.col-5@md -->\n\t\t\t\t<div class=\"col-7@md\">\n\n\t\t\t\t\t<p>El trabajo de dise\u00f1o comenz\u00f3 en 1977 para las NUEVAS vitrinas de delicatessen para McCray. Se estaban desarrollando las series 40E y 35. La 40E se dirigir\u00eda a los mercados m\u00e1s grandes, mientras que la serie 35 se dirigir\u00eda a las tiendas de delicatessen de esquina m\u00e1s peque\u00f1as.  <\/p>\n<p>Los prototipos se construyeron en 1978 y 1979. Las pruebas se completaron a finales de 1979 y McCray obtuvo su aprobaci\u00f3n final de UL en enero de 1980. <\/p>\n<p>Las primeras vitrinas de McCray se vendieron a principios de 1980, despu\u00e9s de casi 8 a\u00f1os sin McCray en el mercado. Albert y Jeff Fogel RELANZARON con \u00e9xito la marca McCray. <\/p>\n<p>La serie 35 fue la primera serie aut\u00f3noma que se ofreci\u00f3 en vitrinas de delicatessen, carne roja y pescado en longitudes de 4 pies, 6 pies, 8 pies, 10 pies y 12 pies para el segmento de servicio de alimentos. Con solo 35\u201d de profundidad, cabr\u00eda por la mayor\u00eda de las puertas. El secreto de su \u00e9xito fue el sistema de compresor aut\u00f3nomo que no requerir\u00eda fontaner\u00eda, ya que utilizaba una bandeja de condensado integrada. Los compresores herm\u00e9ticos permitieron a McCray ADAPTAR la unidad de condensaci\u00f3n y la bandeja del evaporador en un peque\u00f1o compartimento del compresor.   <\/p>\n<p>Jeff y Albert continuaron explorando la demanda de requisitos de mercado peque\u00f1o y desarrollaron una serie de productos durante los siguientes 10+ a\u00f1os para satisfacer estas demandas:<br \/>\nVitrinas de productos agr\u00edcolas Serie 32E introducida en 1982.<br \/>\nTapa de extremo de exhibici\u00f3n abierta (Happy Case)- introducida en 1982.<br \/>\nRIF\/RIN &#8211; Reach Ins sin fin &#8211; remoto &#8211; introducido en 1983.<br \/>\nSerie 32E Deli &#8211; introducida en 1985.<br \/>\nSerie 34E Deli &#8211; introducida en 1989.<br \/>\nVitrinas de comida caliente &#8211; introducidas en 1992.<br \/>\nCongeladores de helados con puerta de cristal &#8211; introducidos en 1998.<\/p>\n<p>El ancho de estos nuevos productos les permitir\u00eda caber a trav\u00e9s de las peque\u00f1as puertas del mercado y m\u00e1s tarde conducir\u00eda a un ajuste natural para el creciente mercado de tiendas \u201cC\u201d en la d\u00e9cada de 1990. Mientras que los competidores se concentraron en los SUPERMERCADOS. &#8211; McCray se expandi\u00f3 a los peque\u00f1os mercados &#8211; tiendas de comestibles MOM &amp; POP.  <\/p>\n<p>Jeff y Albert fusionaron las empresas en 1986, convirti\u00e9ndose en Howard\/McCray.<br \/>\nJeff se jubil\u00f3 en enero de 2001 y la empresa se vendi\u00f3 a Howard\/McCray LLC m\u00e1s tarde en 2001.<br \/>\nDesafortunadamente, la empresa se vio obligada a cerrar DE NUEVO el 10 de diciembre de 2003, ya que el banco ejecut\u00f3 la hipoteca de la empresa y cerr\u00f3 las puertas.<\/p>\n<p>Un grupo de empleados pudo negociar CON \u00c9XITO con el banco y llegar a un acuerdo para comprar los activos de Howard\/McCray LLC al banco el 12 de diciembre de 2003 y form\u00f3 la empresa &#8211; HMC Enterprises LLC. \u00a1HMC abri\u00f3 oficialmente el 12 de diciembre de 2003! <\/p>\n\n\t\t\t\t<\/div>\n\t\t\t\t<!-- \/.col-7@md -->\n\n\t\t\t\t<div class=\"col-12\"><p>El nuevo equipo de gesti\u00f3n, compuesto por 5 antiguos empleados, lider\u00f3 el cambio en la empresa y, con \u00e9xito, RELANZ\u00d3 McCray por segunda vez. McCray desarroll\u00f3 una estrategia para continuar la expansi\u00f3n de productos y a\u00f1adi\u00f3 las l\u00edneas 40E Curved Glass y 35E Series Open Merchandiser. En 2018, McCray introdujo su nueva serie Straight Front Deli 34N. En 2023, McCray lanz\u00f3 sus NUEVAS vitrinas abiertas de base baja y sus NUEVOS expositores abiertos de carga trasera.   <\/p>\n<p>HMC se mud\u00f3 a su ubicaci\u00f3n actual en 831E. Cayuga Street en 2007, donde todav\u00eda fabrica hoy. Los productos McCray se CONSTRUYEN CON ORGULLO en FILADELFIA, PA.  <\/p>\n<p>La gerencia tambi\u00e9n ampli\u00f3 su oferta de productos en 2003 para complementar los productos McCray, convirti\u00e9ndose en distribuidor de productos Fogel. En 2018, form\u00f3 una asociaci\u00f3n con Clabo-Italia para distribuir vitrinas de ESTILO EUROPEO dise\u00f1adas y fabricadas en Italia. <\/p>\n<p>Howard &#8211; McCray ha construido su reputaci\u00f3n en la fabricaci\u00f3n de un producto de calidad manteniendo una relaci\u00f3n personal con todos sus clientes, independientemente de su tama\u00f1o. El equipo de gesti\u00f3n continuar\u00e1 construyendo sobre el legado construido por el Sr. Fogel y el Sr. McCray. <\/p>\n<\/div><!-- \/.col-12 -->\n\t\t\t<\/div>\n\t\t\t<!-- \/.flex-row flex-row--reverse -->\n\t\t<\/div>\n\t\t<!-- \/.container -->\n\t<\/section>\n\t<!--  .text-image -->\n\n\n\t<section id=\"photo-gallery-block_98b08791fe444ed9133288b49dd9f2b8\" class=\"photo-gallery\" style=\"  \">\n\t\t<div class=\"container\">\n\n\t\t\t<h2>Galer\u00eda de fotos<\/h2>\n\t\t\t<div class=\"flex-row\">\n\t\t\t\t<div class=\"col-6@md\">\n\t\t\t\t\t<div class=\"flex-row\">\n\n\t\t\t\t\t\t\n\t\t\t\t\t\t\t\t<div class=\"col-12@md\">\n\t\t\t\t\t\t\t\t\t<a href=\"javascript:;\">\n\t\t\t\t\t\t\t\t\t\t<div class=\"img-wrapper bg-img horizontal\" style=\"background-image: url('https:\/\/howardmccray.com\/wp-content\/uploads\/images\/photo-gallery-1.png');\"><\/div>\n\t\t\t\t\t\t\t\t\t\t<!-- \/.img-wrapper bg-img horizontal -->\n\t\t\t\t\t\t\t\t\t<\/a>\n\t\t\t\t\t\t\t\t<\/div>\n\t\t\t\t\t\t\t\t<!-- \/.col-12@md -->\n\n\t\t\t\t\t\t\t\n\t\t\t\t\t\t\t\t<div class=\"col-6@md\">\n\t\t\t\t\t\t\t\t\t<a href=\"javascript:;\">\n\t\t\t\t\t\t\t\t\t\t<div class=\"img-wrapper bg-img\" style=\"background-image: url('https:\/\/howardmccray.com\/wp-content\/uploads\/images\/photo-gallery-2.png');\"><\/div>\n\t\t\t\t\t\t\t\t\t\t<!-- \/.img-wrapper bg-img horizontal -->\n\t\t\t\t\t\t\t\t\t<\/a>\n\n\t\t\t\t\t\t\t\t\t\n\t\t\t\t\t\t\t\t\t\t\t<a href=\"javascript:;\">\n\t\t\t\t\t\t\t\t\t\t\t\t<div class=\"img-wrapper bg-img\" style=\"background-image: url('https:\/\/howardmccray.com\/wp-content\/uploads\/images\/photo-gallery-3.png');\"><\/div>\n\t\t\t\t\t\t\t\t\t\t\t\t<!-- \/.img-wrapper bg-img horizontal -->\n\t\t\t\t\t\t\t\t\t\t\t<\/a>\n\n\t\t\t\t\t\t\t\t\t\t\n\t\t\t\t\t\t\t\t<\/div>\n\t\t\t\t\t\t\t\t<!-- \/.col-6@md -->\n\n\t\t\t\t\t\t\t\n\t\t\t\t\t\t\t\t\t\t\t\t\t\t\t\t\n\t\t\t\t\t\t\t\t\t<div class=\"col-6@md\">\n\t\t\t\t\t\t\t\t\t\t<a href=\"javascript:;\">\n\t\t\t\t\t\t\t\t\t\t\t<div class=\"img-wrapper bg-img vertical\" style=\"background-image: url('https:\/\/howardmccray.com\/wp-content\/uploads\/images\/photo-gallery-4.png');\"><\/div>\n\t\t\t\t\t\t\t\t\t\t\t<!-- \/.img-wrapper bg-img -->\n\t\t\t\t\t\t\t\t\t\t<\/a>\n\t\t\t\t\t\t\t\t\t<\/div>\n\t\t\t\t\t\t\t\t\t<!-- \/.col-6@md -->\n\n\t\t\t\t\t\t\t\t\n\t\t\t\t\t<\/div>\n\t\t\t\t\t<!-- \/.flex-row -->\n\t\t\t\t<\/div>\n\t\t\t\t<!-- \/.col-6@md -->\n\t\t\t\t<div class=\"col-6@md\">\n\t\t\t\t\t<div class=\"flex-row\">\n\n\t\t\t\t\t\t\t\t\t\t\t\t\t\t\n\t\t\t\t\t\t\t\t<div class=\"col-6@md\">\n\t\t\t\t\t\t\t\t\t<a href=\"javascript:;\">\n\t\t\t\t\t\t\t\t\t\t<div class=\"img-wrapper bg-img\" style=\"background-image: url('https:\/\/howardmccray.com\/wp-content\/uploads\/images\/photo-gallery-5.png');\"><\/div>\n\t\t\t\t\t\t\t\t\t\t<!-- \/.img-wrapper bg-img -->\n\t\t\t\t\t\t\t\t\t<\/a>\n\t\t\t\t\t\t\t\t<\/div>\n\t\t\t\t\t\t\t\t<!-- \/.col-6@md -->\n\n\t\t\t\t\t\t\t\t\t\t\t\t\t\t\t\n\t\t\t\t\t\t\t\t<div class=\"col-6@md\">\n\t\t\t\t\t\t\t\t\t<a href=\"javascript:;\">\n\t\t\t\t\t\t\t\t\t\t<div class=\"img-wrapper bg-img\" style=\"background-image: url('https:\/\/howardmccray.com\/wp-content\/uploads\/images\/photo-gallery-6.png');\"><\/div>\n\t\t\t\t\t\t\t\t\t\t<!-- \/.img-wrapper bg-img -->\n\t\t\t\t\t\t\t\t\t<\/a>\n\t\t\t\t\t\t\t\t<\/div>\n\t\t\t\t\t\t\t\t<!-- \/.col-6@md -->\n\n\t\t\t\t\t\t\t\t\t\t\t\t\t\t\t\n\t\t\t\t\t\t\t\t<div class=\"col-12\">\n\t\t\t\t\t\t\t\t\t<a href=\"javascript:;\">\n\t\t\t\t\t\t\t\t\t\t<div class=\"img-wrapper bg-img horizontal\" style=\"background-image: url('https:\/\/howardmccray.com\/wp-content\/uploads\/images\/photo-gallery-7.png');\"><\/div>\n\t\t\t\t\t\t\t\t\t\t<!-- \/.img-wrapper bg-img horizontal -->\n\t\t\t\t\t\t\t\t\t<\/a>\n\t\t\t\t\t\t\t\t<\/div>\n\t\t\t\t\t\t\t\t<!-- \/.col-12 -->\n\n\t\t\t\t\t\t\t\t\t\t\t\t\t\t\t\n\t\t\t\t\t\t\t\t<div class=\"col-6@md\">\n\t\t\t\t\t\t\t\t\t<a href=\"javascript:;\">\n\t\t\t\t\t\t\t\t\t\t<div class=\"img-wrapper bg-img\" style=\"background-image: url('https:\/\/howardmccray.com\/wp-content\/uploads\/images\/photo-gallery-8.png');\"><\/div>\n\t\t\t\t\t\t\t\t\t\t<!-- \/.img-wrapper bg-img -->\n\t\t\t\t\t\t\t\t\t<\/a>\n\t\t\t\t\t\t\t\t<\/div>\n\t\t\t\t\t\t\t\t<!-- \/.col-6@md -->\n\n\t\t\t\t\t\t\t\t\t\t\t\t\t\t\t\n\t\t\t\t\t\t\t\t<div class=\"col-6@md\">\n\t\t\t\t\t\t\t\t\t<a href=\"javascript:;\">\n\t\t\t\t\t\t\t\t\t\t<div class=\"img-wrapper bg-img\" style=\"background-image: url('https:\/\/howardmccray.com\/wp-content\/uploads\/images\/photo-gallery-9.png');\"><\/div>\n\t\t\t\t\t\t\t\t\t\t<!-- \/.img-wrapper bg-img -->\n\t\t\t\t\t\t\t\t\t<\/a>\n\t\t\t\t\t\t\t\t<\/div>\n\t\t\t\t\t\t\t\t<!-- \/.col-6@md -->\n\n\t\t\t\t\t\t\t\n\t\t\t\t\t<\/div>\n\t\t\t\t\t<!-- \/.flex-row -->\n\t\t\t\t<\/div>\n\t\t\t\t<!-- \/.col-6@md -->\n\t\t\t<\/div>\n\t\t\t<!-- \/.flex-row -->\n\t\t<\/div>\n\t\t<!-- \/.container -->\n\t<\/section>\n\t<!--  .photo-gallery -->\n\n\n\t<section id=\"featured-products-block_08898b3853ea125eb8892e11263d02a1\" class=\"featured-products\" style=\"  \">\n\t\t<div class=\"container\">\n\n\t\t\t<h2>Producto <strong>destacado<\/strong><\/h2>\n\n\t\t\t\t<div class=\"flex-row\">\n\n\t\t\t\t\t\n\t\t\t\t\t\t\t<div class=\"col-3@md\">\n\t\t\t\t\t\t\t\t<a href=\"https:\/\/howardmccray.com\/es\/products\/gf22bm-ff\/\" class=\"featured-products-item\">\n\n\t\t\t\t\t\t\t\t\t\t\t\t\t\t\t\t\t\t\t<img decoding=\"async\" src=\"https:\/\/howardmccray.com\/wp-content\/uploads\/images\/GFBM-22-48-75-102-1.png\" alt=\"\">\n\t\t\t\t\t\t\t\t\t\n\t\t\t\t\t\t\t\t\t<h3>GF22BM-FF<\/h3>\n\t\t\t\t\t\t\t\t\t<span href=\"https:\/\/howardmccray.com\/es\/products\/gf22bm-ff\/\" class=\"btn btn-primary\">Details<\/span>\n\t\t\t\t\t\t\t\t\t<!-- \/.btn btn-primary -->\n\t\t\t\t\t\t\t\t<\/a>\n\t\t\t\t\t\t\t\t<!-- \/.featured-products-item -->\n\t\t\t\t\t\t\t<\/div>\n\t\t\t\t\t\t\t<!-- \/.col-3@md -->\n\n\t\t\t\t\t\t\n\t\t\t\t\t\t\t<div class=\"col-3@md\">\n\t\t\t\t\t\t\t\t<a href=\"https:\/\/howardmccray.com\/es\/products\/gr75\/\" class=\"featured-products-item\">\n\n\t\t\t\t\t\t\t\t\t\t\t\t\t\t\t\t\t\t\t<img decoding=\"async\" src=\"https:\/\/howardmccray.com\/wp-content\/uploads\/images\/GRTM-22-48-75-102-4.png\" alt=\"\">\n\t\t\t\t\t\t\t\t\t\n\t\t\t\t\t\t\t\t\t<h3>GR75<\/h3>\n\t\t\t\t\t\t\t\t\t<span href=\"https:\/\/howardmccray.com\/es\/products\/gr75\/\" class=\"btn btn-primary\">Details<\/span>\n\t\t\t\t\t\t\t\t\t<!-- \/.btn btn-primary -->\n\t\t\t\t\t\t\t\t<\/a>\n\t\t\t\t\t\t\t\t<!-- \/.featured-products-item -->\n\t\t\t\t\t\t\t<\/div>\n\t\t\t\t\t\t\t<!-- \/.col-3@md -->\n\n\t\t\t\t\t\t\n\t\t\t\t<\/div>\n\t\t\t\t<!-- \/.flex-row -->\n\n\t\t\t\n\t\t<\/div>\n\t\t<!-- \/.container -->\n\t<\/section>\n\t<!--  .featured-products -->\n\n","protected":false},"excerpt":{"rendered":"","protected":false},"author":2,"featured_media":0,"parent":0,"menu_order":0,"comment_status":"closed","ping_status":"closed","template":"","meta":{"_acf_changed":false,"footnotes":""},"class_list":["post-27569","page","type-page","status-publish","hentry","no-post-thumbnail","post-count-1"],"acf":[],"_links":{"self":[{"href":"https:\/\/howardmccray.com\/es\/wp-json\/wp\/v2\/pages\/27569","targetHints":{"allow":["GET"]}}],"collection":[{"href":"https:\/\/howardmccray.com\/es\/wp-json\/wp\/v2\/pages"}],"about":[{"href":"https:\/\/howardmccray.com\/es\/wp-json\/wp\/v2\/types\/page"}],"author":[{"embeddable":true,"href":"https:\/\/howardmccray.com\/es\/wp-json\/wp\/v2\/users\/2"}],"replies":[{"embeddable":true,"href":"https:\/\/howardmccray.com\/es\/wp-json\/wp\/v2\/comments?post=27569"}],"version-history":[{"count":1,"href":"https:\/\/howardmccray.com\/es\/wp-json\/wp\/v2\/pages\/27569\/revisions"}],"predecessor-version":[{"id":27574,"href":"https:\/\/howardmccray.com\/es\/wp-json\/wp\/v2\/pages\/27569\/revisions\/27574"}],"wp:attachment":[{"href":"https:\/\/howardmccray.com\/es\/wp-json\/wp\/v2\/media?parent=27569"}],"curies":[{"name":"wp","href":"https:\/\/api.w.org\/{rel}","templated":true}]}}