{"id":27714,"date":"2025-05-30T16:47:03","date_gmt":"2025-05-30T20:47:03","guid":{"rendered":"https:\/\/howardmccray.com\/formulario-de-solicitud-de-servicio\/"},"modified":"2025-12-22T13:02:20","modified_gmt":"2025-12-22T17:02:20","slug":"formulario-de-solicitud-de-servicio","status":"publish","type":"page","link":"https:\/\/howardmccray.com\/es\/formulario-de-solicitud-de-servicio\/","title":{"rendered":"Formulario de solicitud de servicio"},"content":{"rendered":"\n\t<section id=\"page-menu-block_50fed7b3cfc8f4d9135485988fd10104\" class=\"page-menu\" style=\"  \">\n\t\t<div class=\"container\">\n\t\t\t<div class=\"page-menu-mobile\"><span>Menu<\/span><svg width=\"10\" height=\"5\" viewBox=\"0 0 10 5\" fill=\"none\" xmlns=\"http:\/\/www.w3.org\/2000\/svg\"><path d=\"M4.47495 4.475L0.849951 0.85C0.799951 0.8 0.762451 0.745833 0.737451 0.6875C0.712451 0.629167 0.699951 0.566667 0.699951 0.5C0.699951 0.366667 0.745785 0.25 0.837451 0.15C0.929118 0.05 1.04995 0 1.19995 0H8.79995C8.94995 0 9.07079 0.05 9.16245 0.15C9.25412 0.25 9.29995 0.366667 9.29995 0.5C9.29995 0.533333 9.24995 0.65 9.14995 0.85L5.52495 4.475C5.44162 4.55833 5.35828 4.61667 5.27495 4.65C5.19162 4.68333 5.09995 4.7 4.99995 4.7C4.89995 4.7 4.80828 4.68333 4.72495 4.65C4.64162 4.61667 4.55828 4.55833 4.47495 4.475Z\" fill=\"white\"\/><\/svg><\/div>\n            <!-- \/.page-menu-mobile -->\n\t\t\t<ul id=\"menu-page-menu\" class=\"menu\"><li id=\"menu-item-19900\" class=\"menu-item menu-item-type-post_type menu-item-object-page menu-item-19900\"><a href=\"https:\/\/howardmccray.com\/customer-service-sales\/\">Atenci\u00f3n al Cliente y Ventas<\/a><\/li>\n<li id=\"menu-item-670\" class=\"menu-item menu-item-type-post_type menu-item-object-page menu-item-670\"><a href=\"https:\/\/howardmccray.com\/find-a-representative\/\">Buscar un representante<\/a><\/li>\n<li id=\"menu-item-669\" class=\"menu-item menu-item-type-post_type menu-item-object-page menu-item-669\"><a href=\"https:\/\/howardmccray.com\/parts-orders\/\">Pedidos de piezas<\/a><\/li>\n<li id=\"menu-item-668\" class=\"menu-item menu-item-type-post_type menu-item-object-page menu-item-668\"><a href=\"https:\/\/howardmccray.com\/find-service-agent\/\">Buscar un agente de servicio<\/a><\/li>\n<li id=\"menu-item-696\" class=\"menu-item menu-item-type-post_type menu-item-object-page menu-item-696\"><a href=\"https:\/\/howardmccray.com\/contact-us\/\">Cont\u00e1ctenos<\/a><\/li>\n<\/ul>\n\t\t<\/div>\n\t\t<!-- \/.container -->\n\t<\/section> <!--  .page-menu -->\n\n\n\t<section id=\"text-form-block_472b2d04a302a41e9f798b71b70e2f43\" class=\"text-form\" style=\"  \">\n\t\t<div class=\"container\">\n            <div class=\"flex-row\">\n                <div class=\"col-5@md\">\n\n                    <div class=\"text-form-content\"><h2>Solicitud<br \/>\nde servicio<\/h2>\n<p><strong>Proveedor de servicios seleccionado<\/strong><\/p>\n<div class=\"selected-store-wrapper\">No store ID specified in the URL.<\/div>\n<\/div><!-- \/.text-form-content -->\n                    <div class=\"text-form-contact-info\">\n\n                        \n                    <\/div>\n                    <!-- \/.text-form-contact-info -->\n\n                    \n                <\/div>\n                <!-- \/.col-5@md -->\n                <div class=\"col-7@md\">\n\n                    \n                    <div class=\"text-form-tabs tabs\" style=\"opacity: 1;\">\n                        <div class=\"tabs-wrap\">\n\n                            \n                                <div id=\"tab-1\" class=\"tab-content\" style=\"display: block;\">\n                                    \n                                    \n<div class=\"wpcf7 no-js\" id=\"wpcf7-f29553-o1\" lang=\"es-ES\" dir=\"ltr\" data-wpcf7-id=\"29553\">\n<div class=\"screen-reader-response\"><p role=\"status\" aria-live=\"polite\" aria-atomic=\"true\"><\/p> <ul><\/ul><\/div>\n<form action=\"\/es\/wp-json\/wp\/v2\/pages\/27714#wpcf7-f29553-o1\" method=\"post\" class=\"wpcf7-form init\" aria-label=\"Formulario de contacto\" novalidate=\"novalidate\" data-status=\"init\">\n<fieldset class=\"hidden-fields-container\"><input type=\"hidden\" name=\"_wpcf7\" value=\"29553\" \/><input type=\"hidden\" name=\"_wpcf7_version\" value=\"6.1.5\" \/><input type=\"hidden\" name=\"_wpcf7_locale\" value=\"es_ES\" \/><input type=\"hidden\" name=\"_wpcf7_unit_tag\" value=\"wpcf7-f29553-o1\" \/><input type=\"hidden\" name=\"_wpcf7_container_post\" value=\"0\" \/><input type=\"hidden\" name=\"_wpcf7_posted_data_hash\" value=\"\" \/><input type=\"hidden\" name=\"_wpcf7cf_hidden_group_fields\" value=\"[]\" \/><input type=\"hidden\" name=\"_wpcf7cf_hidden_groups\" value=\"[]\" \/><input type=\"hidden\" name=\"_wpcf7cf_visible_groups\" value=\"[]\" \/><input type=\"hidden\" name=\"_wpcf7cf_repeaters\" value=\"[]\" \/><input type=\"hidden\" name=\"_wpcf7cf_steps\" value=\"{}\" \/><input type=\"hidden\" name=\"_wpcf7cf_options\" value=\"{&quot;form_id&quot;:29553,&quot;conditions&quot;:[{&quot;then_field&quot;:&quot;product-2&quot;,&quot;and_rules&quot;:[{&quot;if_field&quot;:&quot;add-product-2&quot;,&quot;operator&quot;:&quot;equals&quot;,&quot;if_value&quot;:&quot;added&quot;}]},{&quot;then_field&quot;:&quot;-1&quot;,&quot;and_rules&quot;:[{&quot;if_field&quot;:&quot;add-product-3&quot;,&quot;operator&quot;:&quot;equals&quot;,&quot;if_value&quot;:&quot;added&quot;}]},{&quot;then_field&quot;:&quot;-1&quot;,&quot;and_rules&quot;:[{&quot;if_field&quot;:&quot;-1&quot;,&quot;operator&quot;:&quot;equals&quot;,&quot;if_value&quot;:&quot;added&quot;}]},{&quot;then_field&quot;:&quot;-1&quot;,&quot;and_rules&quot;:[{&quot;if_field&quot;:&quot;-1&quot;,&quot;operator&quot;:&quot;equals&quot;,&quot;if_value&quot;:&quot;added&quot;}]},{&quot;then_field&quot;:&quot;-1&quot;,&quot;and_rules&quot;:[{&quot;if_field&quot;:&quot;-1&quot;,&quot;operator&quot;:&quot;equals&quot;,&quot;if_value&quot;:&quot;added&quot;}]},{&quot;then_field&quot;:&quot;-1&quot;,&quot;and_rules&quot;:[{&quot;if_field&quot;:&quot;-1&quot;,&quot;operator&quot;:&quot;equals&quot;,&quot;if_value&quot;:&quot;added&quot;}]},{&quot;then_field&quot;:&quot;-1&quot;,&quot;and_rules&quot;:[{&quot;if_field&quot;:&quot;-1&quot;,&quot;operator&quot;:&quot;equals&quot;,&quot;if_value&quot;:&quot;added&quot;}]},{&quot;then_field&quot;:&quot;-1&quot;,&quot;and_rules&quot;:[{&quot;if_field&quot;:&quot;-1&quot;,&quot;operator&quot;:&quot;equals&quot;,&quot;if_value&quot;:&quot;added&quot;}]},{&quot;then_field&quot;:&quot;product-10&quot;,&quot;and_rules&quot;:[{&quot;if_field&quot;:&quot;-1&quot;,&quot;operator&quot;:&quot;equals&quot;,&quot;if_value&quot;:&quot;added&quot;}]}],&quot;settings&quot;:{&quot;animation&quot;:&quot;yes&quot;,&quot;animation_intime&quot;:200,&quot;animation_outtime&quot;:200,&quot;conditions_ui&quot;:&quot;normal&quot;,&quot;notice_dismissed&quot;:false}}\" \/><input type=\"hidden\" name=\"_wpcf7_recaptcha_response\" value=\"\" \/>\n<\/fieldset>\n<div class=\"flex-row\">\n    <div class=\"col-12\">\n        <h3>Informaci\u00f3n de contacto<\/h3>\n    <\/div>\n    <div class=\"col-6@md\">\n        <label>\n            Nombre<span>*<\/span>\n            <span class=\"wpcf7-form-control-wrap\" data-name=\"first-name\"><input size=\"40\" maxlength=\"400\" class=\"wpcf7-form-control wpcf7-text wpcf7-validates-as-required input input-primary\" aria-required=\"true\" aria-invalid=\"false\" placeholder=\"Nombre\" value=\"\" type=\"text\" name=\"first-name\" \/><\/span>\n        <\/label>\n    <\/div>\n    <div class=\"col-6@md\">\n        <label for=\"\">\n            Apellido<span>*<\/span>\n            <span class=\"wpcf7-form-control-wrap\" data-name=\"last-name\"><input size=\"40\" maxlength=\"400\" class=\"wpcf7-form-control wpcf7-text wpcf7-validates-as-required input input-primary\" aria-required=\"true\" aria-invalid=\"false\" placeholder=\"Apellido\" value=\"\" type=\"text\" name=\"last-name\" \/><\/span>\n        <\/label>\n    <\/div>\n    <div class=\"col-12\">\n        <label for=\"\">\n            Empresa<span>*<\/span>\n            <span class=\"wpcf7-form-control-wrap\" data-name=\"company\"><input size=\"40\" maxlength=\"400\" class=\"wpcf7-form-control wpcf7-text wpcf7-validates-as-required input input-primary\" aria-required=\"true\" aria-invalid=\"false\" placeholder=\"Empresa\" value=\"\" type=\"text\" name=\"company\" \/><\/span>\n        <\/label>\n    <\/div>\n    <div class=\"col-6@md\">\n        <label for=\"\">\n            Tel\u00e9fono<span>*<\/span>\n            <span class=\"wpcf7-form-control-wrap\" data-name=\"phone\"><input size=\"40\" maxlength=\"400\" class=\"wpcf7-form-control wpcf7-text wpcf7-validates-as-required input input-primary\" aria-required=\"true\" aria-invalid=\"false\" placeholder=\"Su tel\u00e9fono\" value=\"\" type=\"text\" name=\"phone\" \/><\/span>\n        <\/label>\n    <\/div>\n    <div class=\"col-6@md\">\n        <label for=\"\">\n            Correo electr\u00f3nico<span>*<\/span>\n            <span class=\"wpcf7-form-control-wrap\" data-name=\"your-email\"><input size=\"40\" maxlength=\"400\" class=\"wpcf7-form-control wpcf7-email wpcf7-validates-as-required wpcf7-text wpcf7-validates-as-email input input-primary\" aria-required=\"true\" aria-invalid=\"false\" placeholder=\"Su correo electr\u00f3nico\" value=\"\" type=\"email\" name=\"your-email\" \/><\/span>\n        <\/label>\n    <\/div>\n    <div class=\"col-12\">\n        <hr>\n    <\/div>\n    <div class=\"col-12\">\n        <h3>Pago<\/h3>\n        <p style=\"margin-top: 10px;\">Se requerir\u00e1 la informaci\u00f3n de la tarjeta de cr\u00e9dito para la llamada de servicio en caso de que el servicio realizado no est\u00e9 cubierto por la garant\u00eda del fabricante.<\/p>\n    <\/div>\n    <div class=\"flex-row product-info-wrapper\">\n        <div class=\"col-12\">\n            <hr>\n        <\/div>\n        <div class=\"col-12\">\n            <h3>Informaci\u00f3n del producto<\/h3>\n        <\/div>\n        <div class=\"col-12\">\n            <div class=\"row-wrapper row-wrapper--bottom\">\n                <label for=\"\">\n                    N\u00famero de modelo<span>*<\/span>\n                    <span class=\"wpcf7-form-control-wrap\" data-name=\"product-1-model-number\"><input size=\"40\" maxlength=\"400\" class=\"wpcf7-form-control wpcf7-text wpcf7-validates-as-required input input-primary\" aria-required=\"true\" aria-invalid=\"false\" placeholder=\"#\" value=\"\" type=\"text\" name=\"product-1-model-number\" \/><\/span>\n                <\/label>\n                <label for=\"\">\n                    N\u00famero de serie<span>*<\/span>\n                    <span class=\"wpcf7-form-control-wrap\" data-name=\"product-1-serial-number\"><input size=\"40\" maxlength=\"400\" class=\"wpcf7-form-control wpcf7-text wpcf7-validates-as-required input input-primary\" id=\"product-1-serial-number\" aria-required=\"true\" aria-invalid=\"false\" placeholder=\"xx-xxxxx-xx\" value=\"\" type=\"text\" name=\"product-1-serial-number\" \/><\/span>\n                <\/label>\n                <span class=\"wpcf7-form-control-wrap\" data-name=\"add-product-2\"><span class=\"wpcf7-form-control wpcf7-checkbox add-product-checkbox\"><span class=\"wpcf7-list-item first last\"><label><input type=\"checkbox\" name=\"add-product-2[]\" value=\"a\u00f1adido\" \/><span class=\"wpcf7-list-item-label\">a\u00f1adido<\/span><\/label><\/span><\/span><\/span>\n            <\/div>\n            <\/div>\n        <\/div>\n    <div data-id=\"product-2\" data-orig_data_id=\"product-2\"  class=\"\" data-class=\"wpcf7cf_group\">\n    <div class=\"flex-row product-info-wrapper\">\n        <div class=\"col-12\"><hr><\/div>\n        <div class=\"col-12\"><h3>Informaci\u00f3n del producto<\/h3><\/div>\n        <div class=\"col-12\">\n            <div class=\"row-wrapper row-wrapper--bottom\">\n                <label>N\u00famero de modelo<span>*<\/span> <span class=\"wpcf7-form-control-wrap\" data-name=\"product-2-model-number\"><input size=\"40\" maxlength=\"400\" class=\"wpcf7-form-control wpcf7-text wpcf7-validates-as-required input input-primary\" aria-required=\"true\" aria-invalid=\"false\" placeholder=\"#\" value=\"\" type=\"text\" name=\"product-2-model-number\" \/><\/span><\/label>\n                <label>N\u00famero de serie<span>*<\/span> <span class=\"wpcf7-form-control-wrap\" data-name=\"product-2-serial-number\"><input size=\"40\" maxlength=\"400\" class=\"wpcf7-form-control wpcf7-text wpcf7-validates-as-required input input-primary\" id=\"product-2-serial-number\" aria-required=\"true\" aria-invalid=\"false\" placeholder=\"xx-xxxxx-xx\" value=\"\" type=\"text\" name=\"product-2-serial-number\" \/><\/span><\/label>\n                <span class=\"wpcf7-form-control-wrap\" data-name=\"add-product-3\"><span class=\"wpcf7-form-control wpcf7-checkbox add-product-checkbox\"><span class=\"wpcf7-list-item first last\"><label><input type=\"checkbox\" name=\"add-product-3[]\" value=\"a\u00f1adido\" \/><span class=\"wpcf7-list-item-label\">a\u00f1adido<\/span><\/label><\/span><\/span><\/span>\n            <\/div>\n        <\/div>\n    <\/div>\n<\/div>\n\n<div data-id=\"product-10\" data-orig_data_id=\"product-10\"  class=\"\" data-class=\"wpcf7cf_group\">\n    <div class=\"flex-row product-info-wrapper\">\n        <div class=\"col-12\">\n            <hr>\n        <\/div>\n        <div class=\"col-12\">\n            <h3>Informaci\u00f3n del producto<\/h3>\n        <\/div>\n        <div class=\"col-12\">\n            <div class=\"row-wrapper row-wrapper--bottom\">\n                <label for=\"\">\n                    N\u00famero de modelo<span>*<\/span>\n                    <span class=\"wpcf7-form-control-wrap\" data-name=\"product-10-model-number\"><input size=\"40\" maxlength=\"400\" class=\"wpcf7-form-control wpcf7-text wpcf7-validates-as-required input input-primary\" aria-required=\"true\" aria-invalid=\"false\" placeholder=\"#\" value=\"\" type=\"text\" name=\"product-10-model-number\" \/><\/span>\n                <\/label>\n                <label for=\"\">\n                    N\u00famero de serie<span>*<\/span>\n                    <span class=\"wpcf7-form-control-wrap\" data-name=\"product-10-serial-number\"><input size=\"40\" maxlength=\"400\" class=\"wpcf7-form-control wpcf7-text wpcf7-validates-as-required input input-primary\" id=\"product-10-serial-number\" aria-required=\"true\" aria-invalid=\"false\" placeholder=\"xx-xxxxx-xx\" value=\"\" type=\"text\" name=\"product-10-serial-number\" \/><\/span>\n                <\/label>\n                <a href=\"javascript:;\" class=\"btn-add-product\"><svg width=\"16\" height=\"16\" viewBox=\"0 0 16 16\" fill=\"none\" xmlns=\"http:\/\/www.w3.org\/2000\/svg\"><path d=\"M9 7H16V9H9V16H7V9H0V7H7V0H9V7Z\" fill=\"white\"\/><\/svg><\/a>\n            <\/div>\n        <\/div>\n    <\/div>\n<\/div>\n\n    <div class=\"col-12\">\n        <div class=\"row-wrapper row-wrapper--bottom\">\n            <label for=\"\" style=\"flex: 1;\">\n                Detalles\n                <span class=\"wpcf7-form-control-wrap\" data-name=\"details\"><textarea cols=\"40\" rows=\"10\" maxlength=\"2000\" class=\"wpcf7-form-control wpcf7-textarea input input-textarea\" aria-invalid=\"false\" placeholder=\"Por favor, proporcione una explicaci\u00f3n detallada del problema que est\u00e1 ocurriendo.\" name=\"details\"><\/textarea><\/span>\n            <\/label>\n        <\/div>\n    <\/div>\n    <div class=\"col-12\">\n        <hr>\n    <\/div>\n    <div class=\"col-12\">\n        <label for=\"file\">\n            Archivos adjuntos\n            <div class=\"input-file-wrapper\">\n                <label for=\"file-168\"><span class=\"wpcf7-form-control-wrap\" data-name=\"mfile-388\"><input size=\"40\" class=\"wpcf7-form-control wpcf7-drag-n-drop-file d-none\" aria-invalid=\"false\" type=\"file\" multiple=\"multiple\" data-name=\"mfile-388\" data-type=\"jpeg|jpg|png|pdf\" data-max=\"3\" data-id=\"29553\" data-version=\"free version 1.3.9.7\" accept=\".jpeg, .jpg, .png, .pdf\" \/><\/span><\/label>\n            <\/div>\n        <\/label>\n    <\/div>\n    <div class=\"col-12\">\n        <button class=\"btn btn-submit\">Enviar<svg width=\"24\" height=\"24\" viewBox=\"0 0 24 24\" fill=\"none\" xmlns=\"http:\/\/www.w3.org\/2000\/svg\"><path d=\"M16.175 13H4V11H16.175L10.575 5.4L12 4L20 12L12 20L10.575 18.6L16.175 13Z\" fill=\"white\" \/><\/svg>\n        <\/button>\n    <\/div>\n<\/div><div class=\"wpcf7-response-output\" aria-hidden=\"true\"><\/div>\n<\/form>\n<\/div>\n                \n                                <\/div><!-- \/.tab-content -->\n\n                            \n                        <\/div><!-- \/.tabs-wrap -->\n                    <\/div> <!--  \/.tabs -->\n                <\/div>\n                <!-- \/.col-7@md -->\n            <\/div>\n            <!-- \/.flex-row -->\n\t\t<\/div>\n\t\t<!-- \/.container -->\n\t<\/section> <!--  .text-form -->\n\n\n    <section id=\"explore-block_c73811952665baaf573cbe944329a1f6\" class=\"explore\" style=\"background-color: ;   \">\n        <div class=\"container\">\n\n            <h2><h2>Explore los productos por estilo<\/h2>\n<\/h2>\n                <div class=\"explore-wrapper\">\n\n                    \n                            <a href=\"https:\/\/howardmccray.com\/es\/products\/?product-category=service-cases\" class=\"btn btn-primary\">Vitrinas de servicio <\/a>\n                            <!-- \/.btn btn-primary -->\n                     \n                        \n                            <a href=\"https:\/\/howardmccray.com\/es\/products\/?product-category=island-case\" class=\"btn btn-primary\">Vitrina Isla <\/a>\n                            <!-- \/.btn btn-primary -->\n                     \n                        \n                            <a href=\"https:\/\/howardmccray.com\/es\/products\/?product-category=open-merchandisers\" class=\"btn btn-primary\">Expositores abiertos <\/a>\n                            <!-- \/.btn btn-primary -->\n                     \n                        \n                            <a href=\"https:\/\/howardmccray.com\/es\/products\/?product-category=red-meat\" class=\"btn btn-primary\">Carne roja <\/a>\n                            <!-- \/.btn btn-primary -->\n                     \n                        \n                            <a href=\"https:\/\/howardmccray.com\/es\/products\/?product-category=grab-n-go\" class=\"btn btn-primary\">Listo para llevar <\/a>\n                            <!-- \/.btn btn-primary -->\n                     \n                        \n                <\/div>\n                <!-- \/.explore-wrapper -->\n\n            \n        <\/div>\n        <!-- \/.container -->\n    <\/section> <!--  .explore -->\n\n","protected":false},"excerpt":{"rendered":"","protected":false},"author":2,"featured_media":0,"parent":0,"menu_order":0,"comment_status":"closed","ping_status":"closed","template":"","meta":{"_acf_changed":false,"_seopress_robots_primary_cat":"","_seopress_titles_title":"","_seopress_titles_desc":"","_seopress_robots_index":"","footnotes":""},"class_list":["post-27714","page","type-page","status-publish","hentry","no-post-thumbnail","post-count-1"],"acf":[],"_links":{"self":[{"href":"https:\/\/howardmccray.com\/es\/wp-json\/wp\/v2\/pages\/27714","targetHints":{"allow":["GET"]}}],"collection":[{"href":"https:\/\/howardmccray.com\/es\/wp-json\/wp\/v2\/pages"}],"about":[{"href":"https:\/\/howardmccray.com\/es\/wp-json\/wp\/v2\/types\/page"}],"author":[{"embeddable":true,"href":"https:\/\/howardmccray.com\/es\/wp-json\/wp\/v2\/users\/2"}],"replies":[{"embeddable":true,"href":"https:\/\/howardmccray.com\/es\/wp-json\/wp\/v2\/comments?post=27714"}],"version-history":[{"count":1,"href":"https:\/\/howardmccray.com\/es\/wp-json\/wp\/v2\/pages\/27714\/revisions"}],"predecessor-version":[{"id":27715,"href":"https:\/\/howardmccray.com\/es\/wp-json\/wp\/v2\/pages\/27714\/revisions\/27715"}],"wp:attachment":[{"href":"https:\/\/howardmccray.com\/es\/wp-json\/wp\/v2\/media?parent=27714"}],"curies":[{"name":"wp","href":"https:\/\/api.w.org\/{rel}","templated":true}]}}